{"id":108,"date":"2023-03-02T13:06:24","date_gmt":"2023-03-02T13:06:24","guid":{"rendered":"http:\/\/karenbyk.com\/?page_id=108"},"modified":"2023-08-21T09:52:08","modified_gmt":"2023-08-21T09:52:08","slug":"poemas","status":"publish","type":"page","link":"https:\/\/karenbyk.com\/index.php\/poemas\/","title":{"rendered":"Poemas"},"content":{"rendered":"\n<h2 class=\"wp-block-heading has-text-align-center\"><br><\/h2>\n\n\n\n<p><\/p>\n\n\n\n<p><\/p>\n\n\n\n<p><\/p>\n\n\n\n<h2 class=\"wp-block-heading has-text-align-center\">tengo mucha intriga de c\u00f3mo hacen cuentas ustedes<\/h2>\n\n\n\n<style>\n  \/* Estilo para el espacio entre letras normal *\/\n  .letras-normal {\n    letter-spacing: normal;\n  }\n<\/style>\n\n<p class=\"letras-normal\">\n\u00bftienen m\u00e1s fiebre a las siete de la tarde? \n<\/p>\n\n\n\n<style>\n  \/* Estilo para el espacio entre letras normal *\/\n  .letras-normal {\n    letter-spacing: normal;\n  }\n<\/style>\n\n<p class=\"letras-normal\">\n\u00bfqui\u00e9n les llam\u00f3 a las doce de cuando cumplieron veinte?\n\n<\/p>\n\n\n\n<style>\n  \/* Estilo para el espacio entre letras normal *\/\n  .letras-normal {\n    letter-spacing: normal;\n  }\n<\/style>\n\n<p class=\"letras-normal\">\n\u00bfsuponen cu\u00e1ntos a\u00f1os les quedan ac\u00e1? \n\n<\/p>\n\n\n\n<style>\n  \/* Estilo para el espacio entre letras normal *\/\n  .letras-normal {\n    letter-spacing: normal;\n  }\n<\/style>\n\n<p class=\"letras-normal\">\nmi pap\u00e1 es el de los n\u00fameros. \u00e9l calcula las distancias, \n\n<\/p>\n\n\n\n<style>\n  \/* Estilo para el espacio entre letras normal *\/\n  .letras-normal {\n    letter-spacing: normal;\n  }\n<\/style>\n\n<p class=\"letras-normal\">\nlas necesidades y los riesgos. \n\n<\/p>\n\n\n\n<style>\n  \/* Estilo para el espacio entre letras normal *\/\n  .letras-normal {\n    letter-spacing: normal;\n  }\n<\/style>\n\n<p class=\"letras-normal\">\npero es mam\u00e1 la que prev\u00e9 \n\n<\/p>\n\n\n\n<style>\n  \/* Estilo para el espacio entre letras normal *\/\n  .letras-normal {\n    letter-spacing: normal;\n  }\n<\/style>\n\n<p class=\"letras-normal\">\nlos platos a servir o las preguntas convenientes. \n\n<\/p>\n\n\n\n<style>\n  \/* Estilo para el espacio entre letras normal *\/\n  .letras-normal {\n    letter-spacing: normal;\n  }\n<\/style>\n\n<p class=\"letras-normal\">\ny yo, una pelusa entre gigantes\n\n<\/p>\n\n\n\n<style>\n  \/* Estilo para el espacio entre letras normal *\/\n  .letras-normal {\n    letter-spacing: normal;\n  }\n<\/style>\n\n<p class=\"letras-normal\">\nlos miro y ruedo entre uno y otro\n\n<\/p>\n\n\n\n<style>\n  \/* Estilo para el espacio entre letras normal *\/\n  .letras-normal {\n    letter-spacing: normal;\n  }\n<\/style>\n\n<p class=\"letras-normal\">\nsus versiones, c\u00f3mo hacer\n\n<\/p>\n\n\n\n<style>\n  \/* Estilo para el espacio entre letras normal *\/\n  .letras-normal {\n    letter-spacing: normal;\n  }\n<\/style>\n\n<p class=\"letras-normal\">\nlas cuentas necesarias:\n\n<\/p>\n\n\n\n<style>\n  \/* Estilo para el espacio entre letras normal *\/\n  .letras-normal {\n    letter-spacing: normal;\n  }\n<\/style>\n\n<p class=\"letras-normal\">\n\u00bfhace cu\u00e1nto no viene a cenar? \n\n<\/p>\n\n\n\n<style>\n  \/* Estilo para el espacio entre letras normal *\/\n  .letras-normal {\n    letter-spacing: normal;\n  }\n<\/style>\n\n<p class=\"letras-normal\">\n\u00bfpor qu\u00e9 responde con palabras cada vez m\u00e1s cortas?\n\n<\/p>\n\n\n\n<style>\n  \/* Estilo para el espacio entre letras normal *\/\n  .letras-normal {\n    letter-spacing: normal;\n  }\n<\/style>\n\n<p class=\"letras-normal\">\n\u00bfd\u00f3nde duerme su alma cuando se empastilla? \n\n<\/p>\n\n\n\n<style>\n  \/* Estilo para el espacio entre letras normal *\/\n  .letras-normal {\n    letter-spacing: normal;\n  }\n<\/style>\n\n<p class=\"letras-normal\">\npara hacer cuentas aproximo \n\n<\/p>\n\n\n\n<style>\n  \/* Estilo para el espacio entre letras normal *\/\n  .letras-normal {\n    letter-spacing: normal;\n  }\n<\/style>\n\n<p class=\"letras-normal\">\nhasta pensar que tiene sentido por ejemplo:\n\n<\/p>\n\n\n\n<style>\n  \/* Estilo para el espacio entre letras normal *\/\n  .letras-normal {\n    letter-spacing: normal;\n  }\n<\/style>\n\n<p class=\"letras-normal\">\nsi hoy es diecisiete de agosto\n\n<\/p>\n\n\n\n<style>\n  \/* Estilo para el espacio entre letras normal *\/\n  .letras-normal {\n    letter-spacing: normal;\n  }\n<\/style>\n\n<p class=\"letras-normal\">\ny mi cumplea\u00f1os es el diez de septiembre \n\n<\/p>\n\n\n\n<style>\n  \/* Estilo para el espacio entre letras normal *\/\n  .letras-normal {\n    letter-spacing: normal;\n  }\n<\/style>\n\n<p class=\"letras-normal\">\nahora tengo veintinueve once meses siete d\u00edas \n\n<\/p>\n\n\n\n<style>\n  \/* Estilo para el espacio entre letras normal *\/\n  .letras-normal {\n    letter-spacing: normal;\n  }\n<\/style>\n\n<p class=\"letras-normal\">\nporque entre diez y ocho hay uno\n\n<\/p>\n\n\n\n<style>\n  \/* Estilo para el espacio entre letras normal *\/\n  .letras-normal {\n    letter-spacing: normal;\n  }\n<\/style>\n\n<p class=\"letras-normal\">\ny diecisiete menos diez es siete\n\n<\/p>\n\n\n\n<style>\n  \/* Estilo para el espacio entre letras normal *\/\n  .letras-normal {\n    letter-spacing: normal;\n  }\n<\/style>\n\n<p class=\"letras-normal\">\nas\u00ed calculo y hago una l\u00ednea en la cabeza\n\n<\/p>\n\n\n\n<style>\n  \/* Estilo para el espacio entre letras normal *\/\n  .letras-normal {\n    letter-spacing: normal;\n  }\n<\/style>\n\n<p class=\"letras-normal\">\nqu\u00e9 n\u00famero viene antes de cu\u00e1l\n\n<\/p>\n\n\n\n<style>\n  \/* Estilo para el espacio entre letras normal *\/\n  .letras-normal {\n    letter-spacing: normal;\n  }\n<\/style>\n\n<p class=\"letras-normal\">\nqu\u00e9 mes le sigue al fr\u00edo\n\n<\/p>\n\n\n\n<style>\n  \/* Estilo para el espacio entre letras normal *\/\n  .letras-normal {\n    letter-spacing: normal;\n  }\n<\/style>\n\n<p class=\"letras-normal\">\ntodo es un enorme gradiente y todos \n<\/p>\n\n\n\n<style>\n  \/* Estilo para el espacio entre letras normal *\/\n  .letras-normal {\n    letter-spacing: normal;\n  }\n<\/style>\n\n<p class=\"letras-normal\">\nlos d\u00edas son aproximarse hasta llegar\n<\/p>\n\n\n\n<style>\n  \/* Estilo para el espacio entre letras normal *\/\n  .letras-normal {\n    letter-spacing: normal;\n  }\n<\/style>\n\n<p class=\"letras-normal\">\nal punto\n<\/p>\n\n\n\n<style>\n  \/* Estilo para el espacio entre letras normal *\/\n  .letras-normal {\n    letter-spacing: normal;\n  }\n<\/style>\n\n<p class=\"letras-normal\">\nahora \n<\/p>\n\n\n\n<style>\n  \/* Estilo para el espacio entre letras normal *\/\n  .letras-normal {\n    letter-spacing: normal;\n  }\n<\/style>\n\n<p class=\"letras-normal\">\nme entristece pensar que nunca voy a saber c\u00f3mo piensan ustedes\n \n<\/p>\n\n\n\n<style>\n  \/* Estilo para el espacio entre letras normal *\/\n  .letras-normal {\n    letter-spacing: normal;\n  }\n<\/style>\n\n<p class=\"letras-normal\">\no qu\u00e9 parte del gradiente extra\u00f1an \n \n<\/p>\n\n\n\n<style>\n  \/* Estilo para el espacio entre letras normal *\/\n  .letras-normal {\n    letter-spacing: normal;\n  }\n<\/style>\n\n<p class=\"letras-normal\">\ncuando aman: \u00bfson capaces de adivinar\n \n<\/p>\n\n\n\n<style>\n  \/* Estilo para el espacio entre letras normal *\/\n  .letras-normal {\n    letter-spacing: normal;\n  }\n<\/style>\n\n<p class=\"letras-normal\">\nlas respuestas aunque mientan?\n \n<\/p>\n\n\n\n<style>\n  \/* Estilo para el espacio entre letras normal *\/\n  .letras-normal {\n    letter-spacing: normal;\n  }\n<\/style>\n\n<p class=\"letras-normal\">\n\u00bfconocen lo profundo? \u00bfimponen esa cara que desconf\u00eda?\n \n<\/p>\n\n\n\n<style>\n  \/* Estilo para el espacio entre letras normal *\/\n  .letras-normal {\n    letter-spacing: normal;\n  }\n<\/style>\n\n<p class=\"letras-normal\">\n\u00bfson capaces de saber\n \n<\/p>\n\n\n\n<style>\n  \/* Estilo para el espacio entre letras normal *\/\n  .letras-normal {\n    letter-spacing: normal;\n  }\n<\/style>\n\n<p class=\"letras-normal\">\nel momento en el que irse? \n \n<\/p>\n\n\n\n<style>\n  \/* Estilo para el espacio entre letras normal *\/\n  .letras-normal {\n    letter-spacing: normal;\n  }\n<\/style>\n\n<p class=\"letras-normal\">\nyo juego entre conocerme y olvidarme, \n \n<\/p>\n\n\n\n<style>\n  \/* Estilo para el espacio entre letras normal *\/\n  .letras-normal {\n    letter-spacing: normal;\n  }\n<\/style>\n\n<p class=\"letras-normal\">\nno quiero volverme r\u00edgida en mi nombre\n \n<\/p>\n\n\n\n<style>\n  \/* Estilo para el espacio entre letras normal *\/\n  .letras-normal {\n    letter-spacing: normal;\n  }\n<\/style>\n\n<p class=\"letras-normal\">\npero s\u00e9 cosas que se hacen s\u00f3lidas\n \n<\/p>\n\n\n\n<style>\n  \/* Estilo para el espacio entre letras normal *\/\n  .letras-normal {\n    letter-spacing: normal;\n  }\n<\/style>\n\n<p class=\"letras-normal\">\nen mis piernas las rodillas \n \n<\/p>\n\n\n\n<style>\n  \/* Estilo para el espacio entre letras normal *\/\n  .letras-normal {\n    letter-spacing: normal;\n  }\n<\/style>\n\n<p class=\"letras-normal\">\nde veintinueve once meses\n \n<\/p>\n\n\n\n<style>\n  \/* Estilo para el espacio entre letras normal *\/\n  .letras-normal {\n    letter-spacing: normal;\n  }\n<\/style>\n\n<p class=\"letras-normal\">\nsiete d\u00edas \n \n<\/p>\n\n\n\n<style>\n  \/* Estilo para el espacio entre letras normal *\/\n  .letras-normal {\n    letter-spacing: normal;\n  }\n<\/style>\n\n<p class=\"letras-normal\">\ns\u00e9 \n \n<\/p>\n\n\n\n<style>\n  \/* Estilo para el espacio entre letras normal *\/\n  .letras-normal {\n    letter-spacing: normal;\n  }\n<\/style>\n\n<p class=\"letras-normal\">\nque los extremos te cobran tus cosas m\u00e1s valiosas,\n \n<\/p>\n\n\n\n<style>\n  \/* Estilo para el espacio entre letras normal *\/\n  .letras-normal {\n    letter-spacing: normal;\n  }\n<\/style>\n\n<p class=\"letras-normal\">\nque todo lugar donde apoy\u00e1s tu mano se deforma, \n \n<\/p>\n\n\n\n<style>\n  \/* Estilo para el espacio entre letras normal *\/\n  .letras-normal {\n    letter-spacing: normal;\n  }\n<\/style>\n\n<p class=\"letras-normal\">\nque lo \u00fanico r\u00edgido est\u00e1 muerto,\n \n<\/p>\n\n\n\n<style>\n  \/* Estilo para el espacio entre letras normal *\/\n  .letras-normal {\n    letter-spacing: normal;\n  }\n<\/style>\n\n<p class=\"letras-normal\">\ny que yo soy un gradiente\n \n<\/p>\n\n\n\n<style>\n  \/* Estilo para el espacio entre letras normal *\/\n  .letras-normal {\n    letter-spacing: normal;\n  }\n<\/style>\n\n<p class=\"letras-normal\">\nsin bordes claros\n \n<\/p>\n\n\n\n<style>\n  \/* Estilo para el espacio entre letras normal *\/\n  .letras-normal {\n    letter-spacing: normal;\n  }\n<\/style>\n\n<p class=\"letras-normal\">\npero con fuego adentro. \n \n<\/p>\n\n\n\n<style>\n  \/* Estilo para el espacio entre letras normal *\/\n  .letras-normal {\n    letter-spacing: normal;\n  }\n<\/style>\n\n<p class=\"letras-normal\">\n \n<\/p>\n\n\n\n<style>\n  \/* Estilo para el espacio entre letras normal *\/\n  .letras-normal {\n    letter-spacing: normal;\n  }\n<\/style>\n\n<p class=\"letras-normal\">\n \n<\/p>\n\n\n\n<style>\n  \/* Estilo para el espacio entre letras normal *\/\n  .letras-normal {\n    letter-spacing: normal;\n  }\n<\/style>\n\n<p class=\"letras-normal\">\n \n<\/p>\n\n\n\n<p><\/p>\n\n\n\n<h2 class=\"wp-block-heading has-text-align-center\">quiero abrir mi cabeza y esparcirla sobre la mesa para que me ayudes a ordenarla<\/h2>\n\n\n\n<p><br>    es que tu boca es tan fuerte es<br>                         un templo de columnas cortas es<br>un ramo de porcelana a golpes es<br>                        la miel que gotea en la puerta<br><br>es que mi espacio es tan seco es<br>un borde que resbala piedras es<br>un plato de sobras de carne es<br>la punta del hielo al eterno sur<br><\/p>\n\n\n\n<h2 class=\"wp-block-heading has-text-align-center\">la ma\u00f1ana<\/h2>\n\n\n\n<p class=\"has-text-align-center\"><br>                                                la poes\u00eda puede ser<br>un \u00e1ngel o un pu\u00f1al<br>tu beso una piedra<br>erosionada<br>por el agua<br>la ma\u00f1ana puede ser<br>una manta limpia<br>un archivo blanco<br>el borde final<br>de la monta\u00f1a<br><br>              armar el mate<br>esperar<br>               el silencio<br>tambi\u00e9n<br>                  puede ser<br>estar pegados,<br>gritarse encima.<br><br><\/p>\n\n\n\n<h1 class=\"wp-block-heading\">qu\u00e9 bueno est\u00e1 buscar en google<\/h1>\n\n\n\n<p class=\"has-text-align-right\"><br>me separo? me parte?<br>si me parte me destroza o me agranda?<br>en qu\u00e9 bar sucede buenos aires?<br>d\u00f3nde te encuentro?<br>me esperaste?<br><br>c\u00f3mo hago para desescribir al monstruo que me destruye por la noche el alma?<br>qui\u00e9n es el que me grita que no?<br><br>c\u00f3mo amarrarme la lengua c\u00f3mo explotar la nube negra c\u00f3mo quitarme el nombre<br><br>c\u00f3mo saber de d\u00f3nde soy?<br><br><\/p>\n\n\n\n<h1 class=\"wp-block-heading has-text-align-center\">una reja en el mar<\/h1>\n\n\n\n<p class=\"has-text-align-center\"><br>frenamos con las manos<br>el derrumbe<br>despu\u00e9s<br>me estrell\u00e9<br>contra tu nombre<br><br>una reja en el centro<br>exacto del mar<br>los ojos: el \u00fanico \u00f3rgano<br>que no crece<br><br>\u00bfsiempre fue as\u00ed<br>tu mirada una fosa?<br><br><\/p>\n\n\n\n<h1 class=\"wp-block-heading\">la naturaleza est\u00e1 en tu cara<\/h1>\n\n\n\n<p class=\"has-text-align-right\"><br>roto se acerc\u00f3 el silencio<br>quebr\u00f3 nuestra guarida terciopelo<br>pintaba las paredes como un gato<br>tierno el pecho un jugo<br>podr\u00eda comer desde adentro la dulzura<br>esconde mi peso aniquila<br>podr\u00eda lamer con la fuerza del que sabe<br>acariciar la huella del diablo<br>tan c\u00f3modos nos balanceamos en el barro<br>lanzas fermentaron la salida<br><br>igual bes\u00e9 tu rostro hasta que al fin<br>se derriti\u00f3<br>todo el bosque.<br><br><\/p>\n\n\n\n<h1 class=\"wp-block-heading\">\u00bfd\u00f3nde est\u00e1n? siguen vivos pero ya no son mis padres<\/h1>\n\n\n\n<p><br>con qui\u00e9n comprar ese pedazo de tierra qui\u00e9n<br>va a tomarme de la mano cuando \u00e9l muera cu\u00e1l<br>madera nos traemos de las frutas ya maduras<br><br>revolver en los residuos para armar la torre alta<br><br>est\u00e1n avanzando van a guardar de a partes<br>en rincones lejos : hay un ej\u00e9rcito<br>hace a\u00f1os que se entrena<br>y es ahora el sol se escapa !\u00a1<br>NO HAY espacio para guardar la alfombra \u00bf? suave<br>va a tener que ser el cielo<br>no hay espacio para besar las caras suave<br>va a tener que ser la espada<br>no hay lugar para dormir en tramos fuego<br>va a tener que ser la guerra<br><br>con qui\u00e9n comprar ese pedazo de cueva afilar las u\u00f1as resguardar las hojas perforar la boca enfrentar al diablo<\/p>\n\n\n\n<h2 class=\"wp-block-heading\"><\/h2>\n","protected":false},"excerpt":{"rendered":"<p>tengo mucha intriga de c\u00f3mo hacen cuentas ustedes \u00bftienen m\u00e1s fiebre a las siete de la tarde? \u00bfqui\u00e9n les llam\u00f3 a las doce de cuando cumplieron veinte? \u00bfsuponen cu\u00e1ntos a\u00f1os les quedan ac\u00e1? mi pap\u00e1 es el de los n\u00fameros. \u00e9l calcula las distancias, las necesidades y los riesgos. pero es mam\u00e1 la que prev\u00e9 [&hellip;]<\/p>\n","protected":false},"author":1,"featured_media":0,"parent":0,"menu_order":0,"comment_status":"closed","ping_status":"closed","template":"","meta":{"footnotes":""},"class_list":["post-108","page","type-page","status-publish","hentry"],"_links":{"self":[{"href":"https:\/\/karenbyk.com\/index.php\/wp-json\/wp\/v2\/pages\/108","targetHints":{"allow":["GET"]}}],"collection":[{"href":"https:\/\/karenbyk.com\/index.php\/wp-json\/wp\/v2\/pages"}],"about":[{"href":"https:\/\/karenbyk.com\/index.php\/wp-json\/wp\/v2\/types\/page"}],"author":[{"embeddable":true,"href":"https:\/\/karenbyk.com\/index.php\/wp-json\/wp\/v2\/users\/1"}],"replies":[{"embeddable":true,"href":"https:\/\/karenbyk.com\/index.php\/wp-json\/wp\/v2\/comments?post=108"}],"version-history":[{"count":25,"href":"https:\/\/karenbyk.com\/index.php\/wp-json\/wp\/v2\/pages\/108\/revisions"}],"predecessor-version":[{"id":507,"href":"https:\/\/karenbyk.com\/index.php\/wp-json\/wp\/v2\/pages\/108\/revisions\/507"}],"wp:attachment":[{"href":"https:\/\/karenbyk.com\/index.php\/wp-json\/wp\/v2\/media?parent=108"}],"curies":[{"name":"wp","href":"https:\/\/api.w.org\/{rel}","templated":true}]}}